{"id":363,"date":"2024-09-09T15:33:03","date_gmt":"2024-09-09T13:33:03","guid":{"rendered":"https:\/\/www.herbstzeit24.de\/?page_id=363"},"modified":"2024-09-13T15:48:34","modified_gmt":"2024-09-13T13:48:34","slug":"support","status":"publish","type":"page","link":"https:\/\/www.trust-halle.de\/index.php\/support\/","title":{"rendered":"support"},"content":{"rendered":"\t\t<div data-elementor-type=\"wp-page\" data-elementor-id=\"363\" class=\"elementor elementor-363\">\n\t\t\t\t<div class=\"elementor-element elementor-element-1a2b070 e-flex e-con-boxed wpr-particle-no wpr-jarallax-no wpr-parallax-no wpr-sticky-section-no wpr-equal-height-no e-con e-parent\" data-id=\"1a2b070\" data-element_type=\"container\" data-e-type=\"container\">\n\t\t\t\t\t<div class=\"e-con-inner\">\n\t\t\t\t<div class=\"elementor-element elementor-element-04d1ca7 elementor-widget elementor-widget-heading\" data-id=\"04d1ca7\" data-element_type=\"widget\" data-e-type=\"widget\" data-widget_type=\"heading.default\">\n\t\t\t\t<div class=\"elementor-widget-container\">\n\t\t\t\t\t<h2 class=\"elementor-heading-title elementor-size-default\">Das Trust-Halle-Ticketsystem<\/h2>\t\t\t\t<\/div>\n\t\t\t\t<\/div>\n\t\t\t\t\t<\/div>\n\t\t\t\t<\/div>\n\t\t<div class=\"elementor-element elementor-element-27e37e2 e-flex e-con-boxed wpr-particle-no wpr-jarallax-no wpr-parallax-no wpr-sticky-section-no wpr-equal-height-no e-con e-parent\" data-id=\"27e37e2\" data-element_type=\"container\" data-e-type=\"container\">\n\t\t\t\t\t<div class=\"e-con-inner\">\n\t\t\t\t<div class=\"elementor-element elementor-element-1bb0b10 elementor-widget elementor-widget-text-editor\" data-id=\"1bb0b10\" data-element_type=\"widget\" data-e-type=\"widget\" data-widget_type=\"text-editor.default\">\n\t\t\t\t<div class=\"elementor-widget-container\">\n\t\t\t\t\t\t\t\t\t<p>Unser TicketSystem hat an 24 Stunden, 7 Tage die Woche ge\u00f6ffnet. Wir melden uns nch einer Anfrage so schnell wie m\u00f6glich.<\/p>\t\t\t\t\t\t\t\t<\/div>\n\t\t\t\t<\/div>\n\t\t\t\t\t<\/div>\n\t\t\t\t<\/div>\n\t\t<div class=\"elementor-element elementor-element-5667012 e-flex e-con-boxed wpr-particle-no wpr-jarallax-no wpr-parallax-no wpr-sticky-section-no wpr-equal-height-no e-con e-parent\" data-id=\"5667012\" data-element_type=\"container\" data-e-type=\"container\">\n\t\t\t\t\t<div class=\"e-con-inner\">\n\t\t<div class=\"elementor-element elementor-element-dc7a1fd e-grid e-con-full wpr-particle-no wpr-jarallax-no wpr-parallax-no wpr-sticky-section-no wpr-equal-height-no e-con e-child\" data-id=\"dc7a1fd\" data-element_type=\"container\" data-e-type=\"container\">\n\t\t\t\t<div class=\"elementor-element elementor-element-a5fa17c elementor-widget elementor-widget-html\" data-id=\"a5fa17c\" data-element_type=\"widget\" data-e-type=\"widget\" data-widget_type=\"html.default\">\n\t\t\t\t<div class=\"elementor-widget-container\">\n\t\t\t\t\t<a href=\"https:\/\/www.trust-halle.de\/wp-content\/uploads\/2024\/02\/meshagent64-allgemein.zip\" target=\"_blank\"><button style=\"background-color: #4caf50;\nborder: none;\ncolor: white;\npadding: 10px;\nwidth: 200px;\ntext-align: center;\ntext-decoration: none;\ndisplay: inline-block;\nfont-size: 16px;\ncursor: pointer;\nmargin: 4px 2px;\nborder-radius: 5px;\">Fernwartung Mesh\n<\/button><\/a>\t\t\t\t<\/div>\n\t\t\t\t<\/div>\n\t\t\t\t<div class=\"elementor-element elementor-element-220df4b elementor-widget elementor-widget-html\" data-id=\"220df4b\" data-element_type=\"widget\" data-e-type=\"widget\" data-widget_type=\"html.default\">\n\t\t\t\t<div class=\"elementor-widget-container\">\n\t\t\t\t\t<a href=\"https:\/\/nacl.pcvisit.com\/stable_update\/v1\/hosted\/jumplink?productid=18&func=download&productrole=guestSetup&companyid=6733841620&gateway=lb3.pcvisit.de\" target=\"_blank\"><button style=\"background-color: #4caf50;\nborder: none;\ncolor: white;\npadding: 10px;\nwidth: 200px;\ntext-align: center;\ntext-decoration: none;\ndisplay: inline-block;\nfont-size: 16px;\ncursor: pointer;\nmargin: 4px 2px;\nborder-radius: 5px;\">Fernwartung pcvisit<\/button><\/a>\t\t\t\t<\/div>\n\t\t\t\t<\/div>\n\t\t\t\t<div class=\"elementor-element elementor-element-7971c1f elementor-widget elementor-widget-html\" data-id=\"7971c1f\" data-element_type=\"widget\" data-e-type=\"widget\" data-widget_type=\"html.default\">\n\t\t\t\t<div class=\"elementor-widget-container\">\n\t\t\t\t\t<script src=\"https:\/\/code.jquery.com\/jquery-3.6.0.min.js\"><\/script>\n<button  style=\"background-color: #ff7f00;\nborder: none;\ncolor: white;\npadding: 10px;\ntext-align: center;\nwidth: 200px;\ntext-decoration: none;\ndisplay: inline-block;\nfont-size: 16px;\ncursor: pointer;\nmargin: 4px 2px;\nborder-radius: 5px;\" id=\"zammad-feedback-form\">Supportfall er\u00f6ffnen<\/button>\n\n<script id=\"zammad_form_script\" src=\"https:\/\/ticket.trust-halle.de\/assets\/form\/form.js\"><\/script>\n\n<script>\n$(function() {\n  $('#zammad-feedback-form').ZammadForm({\n    agreementMessage: 'Accept Data Privacy Policy & Acceptable Use Policy <a target=\"_blank\" href=\"https:\/\/www.trust-halle.de\/index.php\/datenschutz\/\">https:\/\/www.trust-halle.de\/index.php\/datenschutz\/<\/a>',\n    messageTitle: 'Feedback-Formular',\n    messageSubmit: '\u00dcbermitteln',\n    messageThankYou: 'Vielen Dank f\u00fcr Ihre Anfrage (#%s). Wir melden uns umgehend.',\n    modal: true,\n    attachmentSupport: true\n  });\n});\n<\/script>\t\t\t\t<\/div>\n\t\t\t\t<\/div>\n\t\t\t\t<div class=\"elementor-element elementor-element-e6f17b7 elementor-widget elementor-widget-html\" data-id=\"e6f17b7\" data-element_type=\"widget\" data-e-type=\"widget\" data-widget_type=\"html.default\">\n\t\t\t\t<div class=\"elementor-widget-container\">\n\t\t\t\t\t<a href=\"https:\/\/ticket.trust-halle.de\" target=\"_blank\"><button style=\"background-color: #4caf50;\nborder: none;\ncolor: white;\npadding: 10px;\nwidth: 200px;\ntext-align: center;\ntext-decoration: none;\ndisplay: inline-block;\nfont-size: 16px;\ncursor: pointer;\nmargin: 4px 2px;\nborder-radius: 5px;\">zum Supportportal<\/button><\/a>\t\t\t\t<\/div>\n\t\t\t\t<\/div>\n\t\t\t\t<\/div>\n\t\t\t\t\t<\/div>\n\t\t\t\t<\/div>\n\t\t<div class=\"elementor-element elementor-element-a7101eb e-flex e-con-boxed wpr-particle-no wpr-jarallax-no wpr-parallax-no wpr-sticky-section-no wpr-equal-height-no e-con e-parent\" data-id=\"a7101eb\" data-element_type=\"container\" data-e-type=\"container\">\n\t\t\t\t\t<div class=\"e-con-inner\">\n\t\t\t\t<div class=\"elementor-element elementor-element-8814d5b elementor-widget elementor-widget-text-editor\" data-id=\"8814d5b\" data-element_type=\"widget\" data-e-type=\"widget\" data-widget_type=\"text-editor.default\">\n\t\t\t\t<div class=\"elementor-widget-container\">\n\t\t\t\t\t\t\t\t\t<p>Sie k\u00f6nnen einen Supportfall auch per Mail an folgende Adresse er\u00f6ffnen: ticket(a)trust-halle.de<\/p>\t\t\t\t\t\t\t\t<\/div>\n\t\t\t\t<\/div>\n\t\t\t\t\t<\/div>\n\t\t\t\t<\/div>\n\t\t\t\t<\/div>\n\t\t","protected":false},"excerpt":{"rendered":"<p>Das Trust-Halle-Ticketsystem Unser TicketSystem hat an 24 Stunden, 7 Tage die Woche ge\u00f6ffnet. Wir melden uns nch einer Anfrage so schnell wie m\u00f6glich. Fernwartung Mesh Fernwartung pcvisit Supportfall er\u00f6ffnen zum Supportportal Sie k\u00f6nnen einen Supportfall auch per Mail an folgende Adresse er\u00f6ffnen: ticket(a)trust-halle.de<\/p>\n","protected":false},"author":2,"featured_media":0,"parent":0,"menu_order":0,"comment_status":"closed","ping_status":"closed","template":"","meta":{"footnotes":""},"class_list":["post-363","page","type-page","status-publish","hentry","entry"],"yoast_head":"<!-- This site is optimized with the Yoast SEO plugin v27.5 - https:\/\/yoast.com\/product\/yoast-seo-wordpress\/ -->\n<title>support - Trust-Halle<\/title>\n<meta name=\"robots\" content=\"index, follow, max-snippet:-1, max-image-preview:large, max-video-preview:-1\" \/>\n<link rel=\"canonical\" href=\"https:\/\/www.trust-halle.de\/index.php\/support\/\" \/>\n<meta property=\"og:locale\" content=\"de_DE\" \/>\n<meta property=\"og:type\" content=\"article\" \/>\n<meta property=\"og:title\" content=\"support - Trust-Halle\" \/>\n<meta property=\"og:description\" content=\"Das Trust-Halle-Ticketsystem Unser TicketSystem hat an 24 Stunden, 7 Tage die Woche ge\u00f6ffnet. Wir melden uns nch einer Anfrage so schnell wie m\u00f6glich. Fernwartung Mesh Fernwartung pcvisit Supportfall er\u00f6ffnen zum Supportportal Sie k\u00f6nnen einen Supportfall auch per Mail an folgende Adresse er\u00f6ffnen: ticket(a)trust-halle.de\" \/>\n<meta property=\"og:url\" content=\"https:\/\/www.trust-halle.de\/index.php\/support\/\" \/>\n<meta property=\"og:site_name\" content=\"Trust-Halle\" \/>\n<meta property=\"article:modified_time\" content=\"2024-09-13T13:48:34+00:00\" \/>\n<meta name=\"twitter:card\" content=\"summary_large_image\" \/>\n<meta name=\"twitter:label1\" content=\"Gesch\u00e4tzte Lesezeit\" \/>\n\t<meta name=\"twitter:data1\" content=\"1\u00a0Minute\" \/>\n<script type=\"application\/ld+json\" class=\"yoast-schema-graph\">{\"@context\":\"https:\\\/\\\/schema.org\",\"@graph\":[{\"@type\":\"WebPage\",\"@id\":\"https:\\\/\\\/www.trust-halle.de\\\/index.php\\\/support\\\/\",\"url\":\"https:\\\/\\\/www.trust-halle.de\\\/index.php\\\/support\\\/\",\"name\":\"support - Trust-Halle\",\"isPartOf\":{\"@id\":\"https:\\\/\\\/www.trust-halle.de\\\/#website\"},\"datePublished\":\"2024-09-09T13:33:03+00:00\",\"dateModified\":\"2024-09-13T13:48:34+00:00\",\"breadcrumb\":{\"@id\":\"https:\\\/\\\/www.trust-halle.de\\\/index.php\\\/support\\\/#breadcrumb\"},\"inLanguage\":\"de\",\"potentialAction\":[{\"@type\":\"ReadAction\",\"target\":[\"https:\\\/\\\/www.trust-halle.de\\\/index.php\\\/support\\\/\"]}]},{\"@type\":\"BreadcrumbList\",\"@id\":\"https:\\\/\\\/www.trust-halle.de\\\/index.php\\\/support\\\/#breadcrumb\",\"itemListElement\":[{\"@type\":\"ListItem\",\"position\":1,\"name\":\"Startseite\",\"item\":\"https:\\\/\\\/www.trust-halle.de\\\/\"},{\"@type\":\"ListItem\",\"position\":2,\"name\":\"support\"}]},{\"@type\":\"WebSite\",\"@id\":\"https:\\\/\\\/www.trust-halle.de\\\/#website\",\"url\":\"https:\\\/\\\/www.trust-halle.de\\\/\",\"name\":\"Trust-Halle\",\"description\":\"IT-Solutions\",\"publisher\":{\"@id\":\"https:\\\/\\\/www.trust-halle.de\\\/#organization\"},\"potentialAction\":[{\"@type\":\"SearchAction\",\"target\":{\"@type\":\"EntryPoint\",\"urlTemplate\":\"https:\\\/\\\/www.trust-halle.de\\\/?s={search_term_string}\"},\"query-input\":{\"@type\":\"PropertyValueSpecification\",\"valueRequired\":true,\"valueName\":\"search_term_string\"}}],\"inLanguage\":\"de\"},{\"@type\":\"Organization\",\"@id\":\"https:\\\/\\\/www.trust-halle.de\\\/#organization\",\"name\":\"Trust-Halle\",\"url\":\"https:\\\/\\\/www.trust-halle.de\\\/\",\"logo\":{\"@type\":\"ImageObject\",\"inLanguage\":\"de\",\"@id\":\"https:\\\/\\\/www.trust-halle.de\\\/#\\\/schema\\\/logo\\\/image\\\/\",\"url\":\"https:\\\/\\\/www.trust-halle.de\\\/wp-content\\\/uploads\\\/2024\\\/08\\\/thklein3-e1679412908966.png\",\"contentUrl\":\"https:\\\/\\\/www.trust-halle.de\\\/wp-content\\\/uploads\\\/2024\\\/08\\\/thklein3-e1679412908966.png\",\"width\":200,\"height\":32,\"caption\":\"Trust-Halle\"},\"image\":{\"@id\":\"https:\\\/\\\/www.trust-halle.de\\\/#\\\/schema\\\/logo\\\/image\\\/\"}}]}<\/script>\n<!-- \/ Yoast SEO plugin. -->","yoast_head_json":{"title":"support - Trust-Halle","robots":{"index":"index","follow":"follow","max-snippet":"max-snippet:-1","max-image-preview":"max-image-preview:large","max-video-preview":"max-video-preview:-1"},"canonical":"https:\/\/www.trust-halle.de\/index.php\/support\/","og_locale":"de_DE","og_type":"article","og_title":"support - Trust-Halle","og_description":"Das Trust-Halle-Ticketsystem Unser TicketSystem hat an 24 Stunden, 7 Tage die Woche ge\u00f6ffnet. Wir melden uns nch einer Anfrage so schnell wie m\u00f6glich. Fernwartung Mesh Fernwartung pcvisit Supportfall er\u00f6ffnen zum Supportportal Sie k\u00f6nnen einen Supportfall auch per Mail an folgende Adresse er\u00f6ffnen: ticket(a)trust-halle.de","og_url":"https:\/\/www.trust-halle.de\/index.php\/support\/","og_site_name":"Trust-Halle","article_modified_time":"2024-09-13T13:48:34+00:00","twitter_card":"summary_large_image","twitter_misc":{"Gesch\u00e4tzte Lesezeit":"1\u00a0Minute"},"schema":{"@context":"https:\/\/schema.org","@graph":[{"@type":"WebPage","@id":"https:\/\/www.trust-halle.de\/index.php\/support\/","url":"https:\/\/www.trust-halle.de\/index.php\/support\/","name":"support - Trust-Halle","isPartOf":{"@id":"https:\/\/www.trust-halle.de\/#website"},"datePublished":"2024-09-09T13:33:03+00:00","dateModified":"2024-09-13T13:48:34+00:00","breadcrumb":{"@id":"https:\/\/www.trust-halle.de\/index.php\/support\/#breadcrumb"},"inLanguage":"de","potentialAction":[{"@type":"ReadAction","target":["https:\/\/www.trust-halle.de\/index.php\/support\/"]}]},{"@type":"BreadcrumbList","@id":"https:\/\/www.trust-halle.de\/index.php\/support\/#breadcrumb","itemListElement":[{"@type":"ListItem","position":1,"name":"Startseite","item":"https:\/\/www.trust-halle.de\/"},{"@type":"ListItem","position":2,"name":"support"}]},{"@type":"WebSite","@id":"https:\/\/www.trust-halle.de\/#website","url":"https:\/\/www.trust-halle.de\/","name":"Trust-Halle","description":"IT-Solutions","publisher":{"@id":"https:\/\/www.trust-halle.de\/#organization"},"potentialAction":[{"@type":"SearchAction","target":{"@type":"EntryPoint","urlTemplate":"https:\/\/www.trust-halle.de\/?s={search_term_string}"},"query-input":{"@type":"PropertyValueSpecification","valueRequired":true,"valueName":"search_term_string"}}],"inLanguage":"de"},{"@type":"Organization","@id":"https:\/\/www.trust-halle.de\/#organization","name":"Trust-Halle","url":"https:\/\/www.trust-halle.de\/","logo":{"@type":"ImageObject","inLanguage":"de","@id":"https:\/\/www.trust-halle.de\/#\/schema\/logo\/image\/","url":"https:\/\/www.trust-halle.de\/wp-content\/uploads\/2024\/08\/thklein3-e1679412908966.png","contentUrl":"https:\/\/www.trust-halle.de\/wp-content\/uploads\/2024\/08\/thklein3-e1679412908966.png","width":200,"height":32,"caption":"Trust-Halle"},"image":{"@id":"https:\/\/www.trust-halle.de\/#\/schema\/logo\/image\/"}}]}},"_links":{"self":[{"href":"https:\/\/www.trust-halle.de\/index.php\/wp-json\/wp\/v2\/pages\/363","targetHints":{"allow":["GET"]}}],"collection":[{"href":"https:\/\/www.trust-halle.de\/index.php\/wp-json\/wp\/v2\/pages"}],"about":[{"href":"https:\/\/www.trust-halle.de\/index.php\/wp-json\/wp\/v2\/types\/page"}],"author":[{"embeddable":true,"href":"https:\/\/www.trust-halle.de\/index.php\/wp-json\/wp\/v2\/users\/2"}],"replies":[{"embeddable":true,"href":"https:\/\/www.trust-halle.de\/index.php\/wp-json\/wp\/v2\/comments?post=363"}],"version-history":[{"count":10,"href":"https:\/\/www.trust-halle.de\/index.php\/wp-json\/wp\/v2\/pages\/363\/revisions"}],"predecessor-version":[{"id":380,"href":"https:\/\/www.trust-halle.de\/index.php\/wp-json\/wp\/v2\/pages\/363\/revisions\/380"}],"wp:attachment":[{"href":"https:\/\/www.trust-halle.de\/index.php\/wp-json\/wp\/v2\/media?parent=363"}],"curies":[{"name":"wp","href":"https:\/\/api.w.org\/{rel}","templated":true}]}}